{"id":3,"date":"2019-08-23T03:47:24","date_gmt":"2019-08-22T18:47:24","guid":{"rendered":"http:\/\/kaguramusou.jp\/fr\/?page_id=3"},"modified":"2022-07-07T02:28:05","modified_gmt":"2022-07-06T17:28:05","slug":"contacter","status":"publish","type":"page","link":"https:\/\/kaguramusou.jp\/fr\/contacter","title":{"rendered":"Contacter"},"content":{"rendered":"<div role=\"form\" class=\"wpcf7\" id=\"wpcf7-f76-o1\" lang=\"fr-FR\" dir=\"ltr\">\n<div class=\"screen-reader-response\"><\/div>\n<form action=\"\/fr\/wp-json\/wp\/v2\/pages\/3#wpcf7-f76-o1\" method=\"post\" class=\"wpcf7-form\" novalidate=\"novalidate\">\n<div style=\"display: none;\">\n<input type=\"hidden\" name=\"_wpcf7\" value=\"76\" \/>\n<input type=\"hidden\" name=\"_wpcf7_version\" value=\"5.1.4\" \/>\n<input type=\"hidden\" name=\"_wpcf7_locale\" value=\"fr_FR\" \/>\n<input type=\"hidden\" name=\"_wpcf7_unit_tag\" value=\"wpcf7-f76-o1\" \/>\n<input type=\"hidden\" name=\"_wpcf7_container_post\" value=\"0\" \/>\n<\/div>\n<p><label> Nom de la compagnie<br \/>\n<span class=\"wpcf7-form-control-wrap text-641\"><input type=\"text\" name=\"text-641\" value=\"\" size=\"40\" class=\"wpcf7-form-control wpcf7-text\" aria-invalid=\"false\" \/><\/span> <\/label><\/p>\n<p><label> Nom (obligatoire)<br \/>\n<span class=\"wpcf7-form-control-wrap your-name\"><input type=\"text\" name=\"your-name\" value=\"\" size=\"40\" class=\"wpcf7-form-control wpcf7-text wpcf7-validates-as-required\" aria-required=\"true\" aria-invalid=\"false\" \/><\/span> <\/label><\/p>\n<p><label> Num\u00e9ro de t\u00e9l\u00e9phone (obligatoire)<br \/>\n<span class=\"wpcf7-form-control-wrap tel-767\"><input type=\"tel\" name=\"tel-767\" value=\"\" size=\"40\" class=\"wpcf7-form-control wpcf7-text wpcf7-tel wpcf7-validates-as-required wpcf7-validates-as-tel\" aria-required=\"true\" aria-invalid=\"false\" \/><\/span> <\/label><\/p>\n<p><label> Adresse email (obligatoire)<br \/>\n<span class=\"wpcf7-form-control-wrap your-email\"><input type=\"email\" name=\"your-email\" value=\"\" size=\"40\" class=\"wpcf7-form-control wpcf7-text wpcf7-email wpcf7-validates-as-required wpcf7-validates-as-email\" aria-required=\"true\" aria-invalid=\"false\" \/><\/span> <\/label><\/p>\n<p><label> Titre (obligatoire)<br \/>\n<span class=\"wpcf7-form-control-wrap your-subject\"><input type=\"text\" name=\"your-subject\" value=\"\" size=\"40\" class=\"wpcf7-form-control wpcf7-text wpcf7-validates-as-required\" aria-required=\"true\" aria-invalid=\"false\" \/><\/span> <\/label><\/p>\n<p><label> Le contenu (obligatoire)<br \/>\n<span class=\"wpcf7-form-control-wrap your-message\"><textarea name=\"your-message\" cols=\"40\" rows=\"10\" class=\"wpcf7-form-control wpcf7-textarea wpcf7-validates-as-required\" aria-required=\"true\" aria-invalid=\"false\"><\/textarea><\/span> <\/label><\/p>\n<p><input type=\"submit\" value=\"Envoyer\" class=\"wpcf7-form-control wpcf7-submit\" \/><\/p>\n<div class=\"wpcf7-response-output wpcf7-display-none\"><\/div><\/form><\/div>\n<p>Les informations re\u00e7ues \u00e0 partir du formulaire de demande de renseignements ne seront pas divulgu\u00e9es \u00e0 des tiers, au-del\u00e0 de ce qui est n\u00e9cessaire pour les activit\u00e9s bien g\u00e9r\u00e9es.<br \/>\nVeuillez noter que la r\u00e9ponse peut prendre un certain temps en fonction du contenu.<\/p>\n","protected":false},"excerpt":{"rendered":"Les informations re\u00e7ues \u00e0 partir du formulaire de demande de renseignements ne seront pas divulgu\u00e9es \u00e0 des tiers, au-del\u00e0 de ce qui est n\u00e9cessaire pour les activit\u00e9s bien g\u00e9r\u00e9es. Veuillez noter que la r\u00e9ponse peut prendre un certain temps en fonction du contenu.","protected":false},"author":3,"featured_media":0,"parent":0,"menu_order":0,"comment_status":"closed","ping_status":"open","template":"","meta":[],"_links":{"self":[{"href":"https:\/\/kaguramusou.jp\/fr\/wp-json\/wp\/v2\/pages\/3"}],"collection":[{"href":"https:\/\/kaguramusou.jp\/fr\/wp-json\/wp\/v2\/pages"}],"about":[{"href":"https:\/\/kaguramusou.jp\/fr\/wp-json\/wp\/v2\/types\/page"}],"author":[{"embeddable":true,"href":"https:\/\/kaguramusou.jp\/fr\/wp-json\/wp\/v2\/users\/3"}],"replies":[{"embeddable":true,"href":"https:\/\/kaguramusou.jp\/fr\/wp-json\/wp\/v2\/comments?post=3"}],"version-history":[{"count":3,"href":"https:\/\/kaguramusou.jp\/fr\/wp-json\/wp\/v2\/pages\/3\/revisions"}],"predecessor-version":[{"id":159,"href":"https:\/\/kaguramusou.jp\/fr\/wp-json\/wp\/v2\/pages\/3\/revisions\/159"}],"wp:attachment":[{"href":"https:\/\/kaguramusou.jp\/fr\/wp-json\/wp\/v2\/media?parent=3"}],"curies":[{"name":"wp","href":"https:\/\/api.w.org\/{rel}","templated":true}]}}